{"id":137,"date":"2023-02-22T19:04:55","date_gmt":"2023-02-22T19:04:55","guid":{"rendered":"https:\/\/gruasmonsivais.com.mx\/monsivais\/?page_id=137"},"modified":"2023-03-13T20:16:54","modified_gmt":"2023-03-13T20:16:54","slug":"nosotros","status":"publish","type":"page","link":"https:\/\/gruasmonsivais.com.mx\/monsivais\/nosotros\/","title":{"rendered":"Monsivais"},"content":{"rendered":"<p>[et_pb_section fb_built=\u00bb1&#8243; specialty=\u00bbon\u00bb custom_padding_last_edited=\u00bbon|desktop\u00bb padding_top_1=\u00bb0px\u00bb padding_2_tablet=\u00bb|||10vw\u00bb padding_2_phone=\u00bb\u00bb padding_2_last_edited=\u00bbon|tablet\u00bb admin_label=\u00bbHeader\u00bb _builder_version=\u00bb4.16&#8243; background_color=\u00bb#eaeaf1&#8243; inner_width=\u00bb100%\u00bb inner_max_width=\u00bb100%\u00bb custom_padding=\u00bb0px|10vw|1px|||\u00bb custom_padding_tablet=\u00bb|||\u00bb custom_padding_phone=\u00bb\u00bb locked=\u00bboff\u00bb global_colors_info=\u00bb{}\u00bb][et_pb_column type=\u00bb1_2&#8243; _builder_version=\u00bb4.16&#8243; custom_padding=\u00bb|||\u00bb global_colors_info=\u00bb{}\u00bb custom_padding__hover=\u00bb|||\u00bb][et_pb_image src=\u00bbhttps:\/\/gruasmonsivais.com.mx\/monsivais\/wp-content\/uploads\/2023\/02\/mechanic-73.png\u00bb title_text=\u00bbGrua-Operador-\u00bb align_tablet=\u00bbcenter\u00bb align_phone=\u00bbcenter\u00bb align_last_edited=\u00bbon|desktop\u00bb _builder_version=\u00bb4.20.0&#8243; background_image=\u00bbhttps:\/\/gruasmonsivais.com.mx\/monsivais\/wp-content\/uploads\/2023\/02\/Grua-Operador-.jpg\u00bb parallax=\u00bbon\u00bb custom_margin=\u00bb|-50vw||\u00bb custom_margin_tablet=\u00bb|0vw||\u00bb custom_margin_phone=\u00bb\u00bb custom_margin_last_edited=\u00bbon|desktop\u00bb locked=\u00bboff\u00bb global_colors_info=\u00bb{}\u00bb][\/et_pb_image][\/et_pb_column][et_pb_column type=\u00bb1_2&#8243; specialty_columns=\u00bb2&#8243; _builder_version=\u00bb4.16&#8243; custom_padding=\u00bb|||\u00bb global_colors_info=\u00bb{}\u00bb custom_padding__hover=\u00bb|||\u00bb][et_pb_row_inner custom_padding_last_edited=\u00bbon|phone\u00bb _builder_version=\u00bb4.20.0&#8243; background_color=\u00bb#84BF41&#8243; max_width=\u00bb600px\u00bb custom_margin=\u00bb10vw|||\u00bb custom_margin_tablet=\u00bb-40vw||\u00bb custom_margin_phone=\u00bb\u00bb custom_margin_last_edited=\u00bbon|tablet\u00bb custom_padding=\u00bb80px|60px|80px|60px|true|false\u00bb custom_padding_tablet=\u00bb60px|50px|60px|50px|true|true\u00bb custom_padding_phone=\u00bb50px|||40px\u00bb box_shadow_style=\u00bbpreset2&#8243; box_shadow_vertical=\u00bb28px\u00bb box_shadow_blur=\u00bb40px\u00bb box_shadow_color=\u00bbrgba(0,0,0,0.1)\u00bb global_colors_info=\u00bb{}\u00bb][et_pb_column_inner saved_specialty_column_type=\u00bb1_2&#8243; _builder_version=\u00bb4.20.0&#8243; custom_padding=\u00bb|||\u00bb global_colors_info=\u00bb{}\u00bb custom_padding__hover=\u00bb|||\u00bb][et_pb_text _builder_version=\u00bb4.20.0&#8243; text_font=\u00bb||||||||\u00bb header_font=\u00bbKhand|700||on|||||\u00bb header_text_color=\u00bb#0a0a0a\u00bb header_font_size=\u00bb80px\u00bb background_layout=\u00bbdark\u00bb header_font_size_tablet=\u00bb60px\u00bb header_font_size_phone=\u00bb40px\u00bb header_font_size_last_edited=\u00bbon|phone\u00bb locked=\u00bboff\u00bb global_colors_info=\u00bb{}\u00bb]<\/p>\n<h1>Gruas y montacargas monsivais<\/h1>\n<p>[\/et_pb_text][et_pb_divider color=\u00bb#2D2D2C\u00bb divider_style=\u00bbdouble\u00bb divider_weight=\u00bb10px\u00bb _builder_version=\u00bb4.20.0&#8243; transform_skew=\u00bb-20deg|0deg\u00bb max_width=\u00bb100px\u00bb height=\u00bb10px\u00bb locked=\u00bboff\u00bb global_colors_info=\u00bb{}\u00bb][\/et_pb_divider][et_pb_text _builder_version=\u00bb4.20.0&#8243; text_font=\u00bb|600|||||||\u00bb text_text_color=\u00bb#2D2D2C\u00bb text_line_height=\u00bb2em\u00bb background_layout=\u00bbdark\u00bb locked=\u00bboff\u00bb global_colors_info=\u00bb{}\u00bb]<\/p>\n<div class=\"vc_span8 wpb_column column_container\">\n<div class=\"wpb_wrapper\">\n<div class=\"wpb_text_column wpb_content_element \">\n<div class=\"wpb_wrapper\">\n<p class=\"p1\">Somos una empresa mexicana fundada en el a\u00f1o 2005 en la ciudad de Matamoros Tamaulipas. Contamos con m\u00e1s de 17 a\u00f1os de experiencia en\u00a0<span>el mercado, por lo que somos sin\u00f3nimo de garant\u00eda, ofreciendo servicios integrales para el manejo de equipos y un amplio stock de refacciones originales; para soportar sus requerimientos de mantenimiento y reparaci\u00f3n.<\/span><\/p>\n<p class=\"p1\">\u00a0En\u00a0<span><strong>GR\u00daAS Y MONTACARGAS MONSIV\u00c1IS<\/strong><\/span> tenemos a su disposici\u00f3n precios incre\u00edbles, para satisfacer todas sus necesidades de gr\u00faas y montacargas en Matamoros Tamaulipas, para renta y\/o venta.<\/p>\n<\/div>\n<\/div>\n<\/div>\n<\/div>\n<p style=\"font-weight: 400;\"><span>Nuestra empresa se interesa en satisfacer las necesidades de nuestros clientes brindando asesor\u00eda en log\u00edstica en maniobras. <\/span><\/p>\n<p>[\/et_pb_text][\/et_pb_column_inner][\/et_pb_row_inner][\/et_pb_column][\/et_pb_section][et_pb_section fb_built=\u00bb1&#8243; admin_label=\u00bbVideo\u00bb _builder_version=\u00bb4.16&#8243; background_color=\u00bb#eaeaf1&#8243; custom_padding=\u00bb||0px|||\u00bb global_colors_info=\u00bb{}\u00bb][et_pb_row column_structure=\u00bb1_3,2_3&#8243; _builder_version=\u00bb4.16&#8243; width=\u00bb90%\u00bb max_width=\u00bb1800px\u00bb module_alignment=\u00bbright\u00bb custom_padding=\u00bb|||||\u00bb use_custom_width=\u00bbon\u00bb locked=\u00bboff\u00bb global_colors_info=\u00bb{}\u00bb][et_pb_column type=\u00bb1_3&#8243; _builder_version=\u00bb4.16&#8243; custom_padding=\u00bb100px||40px|\u00bb global_colors_info=\u00bb{}\u00bb custom_padding__hover=\u00bb|||\u00bb][et_pb_text _builder_version=\u00bb4.20.0&#8243; header_font=\u00bb||||||||\u00bb header_2_font=\u00bbKhand|700||on|||||\u00bb header_2_font_size=\u00bb60px\u00bb header_2_line_height=\u00bb1.2em\u00bb custom_margin_tablet=\u00bb0px|||10vw\u00bb custom_margin_last_edited=\u00bboff|phone\u00bb header_2_font_size_tablet=\u00bb40px\u00bb header_2_font_size_phone=\u00bb30px\u00bb header_2_font_size_last_edited=\u00bbon|desktop\u00bb locked=\u00bboff\u00bb global_colors_info=\u00bb{}\u00bb]<\/p>\n<h2>NUESTRA MISI\u00d3N<\/h2>\n<p>[\/et_pb_text][et_pb_divider color=\u00bb#84BF41&#8243; divider_style=\u00bbdouble\u00bb divider_weight=\u00bb10px\u00bb _builder_version=\u00bb4.20.0&#8243; transform_skew=\u00bb-20deg|0deg\u00bb max_width=\u00bb100px\u00bb height=\u00bb10px\u00bb locked=\u00bboff\u00bb global_colors_info=\u00bb{}\u00bb][\/et_pb_divider][et_pb_text _builder_version=\u00bb4.20.0&#8243; text_font=\u00bb|600|||||||\u00bb text_line_height=\u00bb2em\u00bb header_font=\u00bb||||||||\u00bb header_2_font=\u00bbKhand|700||on|||||\u00bb header_2_font_size=\u00bb30px\u00bb header_2_line_height=\u00bb1.2em\u00bb custom_margin_tablet=\u00bb|||60vw\u00bb custom_margin_last_edited=\u00bboff|phone\u00bb custom_padding=\u00bb||0px|||\u00bb header_2_font_size_tablet=\u00bb20px\u00bb header_2_font_size_phone=\u00bb18px\u00bb header_2_font_size_last_edited=\u00bbon|phone\u00bb locked=\u00bboff\u00bb global_colors_info=\u00bb{}\u00bb]<\/p>\n<p>P<span>roporcionar a nuestros clientes la seguridad en la prestaci\u00f3n del servicio; estableciendo los requerimientos necesarios; con el compromiso de buscar la mejora continua.<\/span><\/p>\n<p>[\/et_pb_text][\/et_pb_column][et_pb_column type=\u00bb2_3&#8243; _builder_version=\u00bb4.16&#8243; custom_padding=\u00bb|||\u00bb global_colors_info=\u00bb{}\u00bb custom_padding__hover=\u00bb|||\u00bb][et_pb_image src=\u00bbhttps:\/\/gruasmonsivais.com.mx\/monsivais\/wp-content\/uploads\/2023\/02\/mechanic-63.png\u00bb align=\u00bbright\u00bb align_tablet=\u00bbcenter\u00bb align_phone=\u00bbcenter\u00bb align_last_edited=\u00bbon|desktop\u00bb _builder_version=\u00bb4.20.0&#8243; max_height=\u00bb100px\u00bb custom_margin=\u00bb||-1px|||\u00bb global_colors_info=\u00bb{}\u00bb][\/et_pb_image][et_pb_image src=\u00bbhttps:\/\/gruasmonsivais.com.mx\/monsivais\/wp-content\/uploads\/2023\/02\/PHOTO-2023-01-05-19-36-28-3.jpg\u00bb title_text=\u00bbPHOTO-2023-01-05-19-36-28 3&#8243; align=\u00bbright\u00bb align_tablet=\u00bbcenter\u00bb align_phone=\u00bbcenter\u00bb align_last_edited=\u00bbon|desktop\u00bb _builder_version=\u00bb4.20.0&#8243; max_height=\u00bb550px\u00bb custom_margin=\u00bb||-1px|||\u00bb global_colors_info=\u00bb{}\u00bb][\/et_pb_image][\/et_pb_column][\/et_pb_row][\/et_pb_section][et_pb_section fb_built=\u00bb1&#8243; specialty=\u00bbon\u00bb padding_top_1=\u00bb0px\u00bb padding_top_2=\u00bb100px\u00bb padding_bottom_1=\u00bb0px\u00bb padding_2_tablet=\u00bb0px|||10vw\u00bb padding_2_phone=\u00bb\u00bb padding_2_last_edited=\u00bbon|tablet\u00bb admin_label=\u00bbWhat We Do\u00bb _builder_version=\u00bb4.20.0&#8243; background_color=\u00bbrgba(0,0,0,0.97)\u00bb inner_width=\u00bb100%\u00bb inner_max_width=\u00bb100%\u00bb custom_margin=\u00bb0px||0px\u00bb custom_padding=\u00bb0px|10vw|0px|||\u00bb use_custom_width=\u00bbon\u00bb width_unit=\u00bboff\u00bb custom_width_percent=\u00bb100%\u00bb global_colors_info=\u00bb{}\u00bb][et_pb_column type=\u00bb1_2&#8243; _builder_version=\u00bb4.16&#8243; custom_padding=\u00bb|||\u00bb global_colors_info=\u00bb{}\u00bb custom_padding__hover=\u00bb|||\u00bb][et_pb_image src=\u00bbhttps:\/\/gruasmonsivais.com.mx\/monsivais\/wp-content\/uploads\/2023\/02\/silueta2.png\u00bb title_text=\u00bbsilueta2&#8243; align=\u00bbright\u00bb force_fullwidth=\u00bbon\u00bb _builder_version=\u00bb4.20.0&#8243; background_image=\u00bbhttps:\/\/gruasmonsivais.com.mx\/monsivais\/wp-content\/uploads\/2023\/02\/Gruas-Trabajando.png\u00bb parallax=\u00bbon\u00bb max_width_tablet=\u00bb60%\u00bb max_width_last_edited=\u00bboff|desktop\u00bb max_height_tablet=\u00bbnone\u00bb max_height_phone=\u00bb\u00bb max_height_last_edited=\u00bbon|tablet\u00bb custom_margin=\u00bb0px||0px\u00bb always_center_on_mobile=\u00bboff\u00bb global_colors_info=\u00bb{}\u00bb][\/et_pb_image][\/et_pb_column][et_pb_column type=\u00bb1_2&#8243; specialty_columns=\u00bb2&#8243; _builder_version=\u00bb4.16&#8243; custom_padding=\u00bb|||\u00bb global_colors_info=\u00bb{}\u00bb custom_padding__hover=\u00bb|||\u00bb][et_pb_row_inner _builder_version=\u00bb4.16&#8243; max_width=\u00bb520px\u00bb global_colors_info=\u00bb{}\u00bb][et_pb_column_inner saved_specialty_column_type=\u00bb1_2&#8243; _builder_version=\u00bb4.16&#8243; custom_padding=\u00bb|||\u00bb global_colors_info=\u00bb{}\u00bb custom_padding__hover=\u00bb|||\u00bb][et_pb_text _builder_version=\u00bb4.20.0&#8243; header_font=\u00bb||||||||\u00bb header_2_font=\u00bbKhand|700||on|||||\u00bb header_2_text_color=\u00bb#84BF41&#8243; header_2_font_size=\u00bb60px\u00bb header_2_line_height=\u00bb1.2em\u00bb custom_margin_tablet=\u00bb0px|||10vw\u00bb custom_margin_last_edited=\u00bboff|phone\u00bb header_2_font_size_tablet=\u00bb40px\u00bb header_2_font_size_phone=\u00bb30px\u00bb header_2_font_size_last_edited=\u00bbon|desktop\u00bb locked=\u00bboff\u00bb global_colors_info=\u00bb{}\u00bb]<\/p>\n<h2>NUESTRA vISI\u00d3N<\/h2>\n<p>[\/et_pb_text][et_pb_divider color=\u00bb#84BF41&#8243; divider_style=\u00bbdouble\u00bb divider_weight=\u00bb10px\u00bb _builder_version=\u00bb4.20.0&#8243; transform_skew=\u00bb-20deg|0deg\u00bb max_width=\u00bb100px\u00bb height=\u00bb10px\u00bb locked=\u00bboff\u00bb global_colors_info=\u00bb{}\u00bb][\/et_pb_divider][et_pb_text _builder_version=\u00bb4.16&#8243; text_font=\u00bb|600|||||||\u00bb text_line_height=\u00bb2em\u00bb background_layout=\u00bbdark\u00bb global_colors_info=\u00bb{}\u00bb]<\/p>\n<div><span lang=\"ES-US\">Ser una empresa dentro del mercado de equipo industrial responsable, comprometida y de constante desarrollo, aumentando la eficiencia de la cadena de suministros de nuestros clientes a nivel nacional e internacional<\/span><\/div>\n<div><\/div>\n<p>[\/et_pb_text][\/et_pb_column_inner][\/et_pb_row_inner][\/et_pb_column][\/et_pb_section][et_pb_section fb_built=\u00bb1&#8243; admin_label=\u00bbFooter\u00bb _builder_version=\u00bb4.16&#8243; _module_preset=\u00bbdefault\u00bb background_color=\u00bb#eaeaf1&#8243; background_image=\u00bbhttps:\/\/gruasmonsivais.com.mx\/monsivais\/wp-content\/uploads\/2023\/02\/mechanic-34.png\u00bb background_position=\u00bbbottom_center\u00bb custom_padding=\u00bb8vw||8vw||true|\u00bb locked=\u00bboff\u00bb collapsed=\u00bbon\u00bb global_colors_info=\u00bb{}\u00bb][et_pb_row column_structure=\u00bb1_3,1_3,1_3&#8243; use_custom_gutter=\u00bbon\u00bb gutter_width=\u00bb1&#8243; make_equal=\u00bbon\u00bb padding_top_bottom_link_1=\u00bbtrue\u00bb padding_top_bottom_link_2=\u00bbtrue\u00bb padding_top_bottom_link_3=\u00bbtrue\u00bb padding_left_right_link_1=\u00bbtrue\u00bb padding_left_right_link_2=\u00bbtrue\u00bb padding_left_right_link_3=\u00bbtrue\u00bb _builder_version=\u00bb4.20.0&#8243; _module_preset=\u00bbdefault\u00bb max_width=\u00bb1360px\u00bb custom_padding=\u00bb0|0px|0px|0px|false|false\u00bb box_shadow_style=\u00bbpreset2&#8243; box_shadow_vertical=\u00bb28px\u00bb box_shadow_blur=\u00bb40px\u00bb box_shadow_color=\u00bbrgba(0,0,0,0.1)\u00bb locked=\u00bboff\u00bb global_colors_info=\u00bb{}\u00bb][et_pb_column type=\u00bb1_3&#8243; _builder_version=\u00bb4.20.0&#8243; _module_preset=\u00bbdefault\u00bb background_color=\u00bb#84BF41&#8243; use_background_color_gradient=\u00bbon\u00bb background_color_gradient_stops=\u00bb#7cda24 0%|#29c4a9 100%\u00bb background_image=\u00bbhttps:\/\/gruasmonsivais.com.mx\/monsivais\/wp-content\/uploads\/2023\/03\/whatsapp-logo.jpg\u00bb background_blend=\u00bbmultiply\u00bb custom_padding=\u00bb100px|40px|100px|40px\u00bb custom_padding_tablet=\u00bb50px||50px||true\u00bb custom_padding_phone=\u00bb50px||50px||true\u00bb custom_padding_last_edited=\u00bbon|desktop\u00bb global_colors_info=\u00bb{}\u00bb custom_padding__hover=\u00bb|||\u00bb][et_pb_text _builder_version=\u00bb4.20.0&#8243; _module_preset=\u00bbdefault\u00bb text_font=\u00bb|600|||||||\u00bb text_line_height=\u00bb2em\u00bb header_font=\u00bb||||||||\u00bb header_4_font=\u00bbKhand|700||on|||||\u00bb header_4_font_size=\u00bb35px\u00bb header_4_line_height=\u00bb1.2em\u00bb background_enable_image=\u00bboff\u00bb background_layout=\u00bbdark\u00bb header_4_font_size_tablet=\u00bb30px\u00bb header_4_font_size_phone=\u00bb25px\u00bb header_4_font_size_last_edited=\u00bbon|phone\u00bb locked=\u00bboff\u00bb global_colors_info=\u00bb{}\u00bb]<\/p>\n<h4>Whastapp<\/h4>\n<p>Estamos encantados de poder atenderte, si lo deseas, podemos iniciar un chat por medio de WhatsApp para una atenci\u00f3n m\u00e1s r\u00e1pida y personalizada.<\/p>\n<p>[\/et_pb_text][et_pb_button button_url=\u00bbhttps:\/\/wa.me\/+528688242826?text=Hola+que+tal.+Acabo+de+visitar+su+sitio+web+me+y+gustar\u00eda+m\u00e1s+informaci\u00f3n+acerca+de+sus+servicios\u00bb button_text=\u00bbIr a WhatsApp\u00bb button_alignment=\u00bbleft\u00bb _builder_version=\u00bb4.20.0&#8243; _module_preset=\u00bbdefault\u00bb custom_button=\u00bbon\u00bb button_text_size=\u00bb14px\u00bb button_text_color=\u00bb#2D2D2C\u00bb button_bg_color=\u00bbrgba(255,255,255,0.69)\u00bb button_border_width=\u00bb2px\u00bb button_border_color=\u00bb#7CDA24&#8243; button_border_radius=\u00bb0px\u00bb button_letter_spacing=\u00bb3px\u00bb button_font=\u00bb|700||on|||||\u00bb button_icon=\u00bb&#x45;||divi||400&#8243; button_on_hover=\u00bboff\u00bb transform_skew=\u00bb-20deg|0deg\u00bb transform_skew_linked=\u00bboff\u00bb custom_margin=\u00bb60px||\u00bb custom_padding=\u00bb12px|40px|12px|24px|true|false\u00bb hover_enabled=\u00bb0&#8243; locked=\u00bboff\u00bb global_colors_info=\u00bb{}\u00bb button_border_color__hover_enabled=\u00bbon|hover\u00bb button_border_color__hover=\u00bb#FFFFFF\u00bb button_bg_color__hover_enabled=\u00bbon|hover\u00bb button_bg_color__hover=\u00bbrgba(124,218,36,0.69)\u00bb button_bg_enable_color__hover=\u00bbon\u00bb button_text_color__hover_enabled=\u00bbon|hover\u00bb button_text_color__hover=\u00bb#FFFFFF\u00bb sticky_enabled=\u00bb0&#8243;][\/et_pb_button][\/et_pb_column][et_pb_column type=\u00bb1_3&#8243; _builder_version=\u00bb4.17.4&#8243; _module_preset=\u00bbdefault\u00bb use_background_color_gradient=\u00bbon\u00bb background_color_gradient_stops=\u00bbrgba(2,24,39,0.7) 0%|rgba(2,24,39,0.28) 100%\u00bb background_color_gradient_start=\u00bbrgba(2,24,39,0.7)\u00bb background_color_gradient_end=\u00bbrgba(2,24,39,0.6)\u00bb background_image=\u00bbhttps:\/\/gruasmonsivais.com.mx\/monsivais\/wp-content\/uploads\/2023\/02\/PHOTO-2023-01-05-19-36-28-3.jpg\u00bb background_blend=\u00bboverlay\u00bb custom_padding=\u00bb100px|40px|100px|40px\u00bb custom_padding_tablet=\u00bb50px||50px||true\u00bb custom_padding_phone=\u00bb50px||50px||true\u00bb custom_padding_last_edited=\u00bbon|desktop\u00bb global_colors_info=\u00bb{}\u00bb custom_padding__hover=\u00bb|||\u00bb][et_pb_text _builder_version=\u00bb4.17.4&#8243; _module_preset=\u00bbdefault\u00bb text_font=\u00bb|600|||||||\u00bb text_line_height=\u00bb2em\u00bb header_font=\u00bb||||||||\u00bb header_4_font=\u00bbKhand|700||on|||||\u00bb header_4_font_size=\u00bb35px\u00bb header_4_line_height=\u00bb1.2em\u00bb background_layout=\u00bbdark\u00bb header_4_font_size_tablet=\u00bb30px\u00bb header_4_font_size_phone=\u00bb25px\u00bb header_4_font_size_last_edited=\u00bbon|phone\u00bb text_text_shadow_style=\u00bbpreset2&#8243; header_4_text_shadow_style=\u00bbpreset2&#8243; locked=\u00bboff\u00bb global_colors_info=\u00bb{}\u00bb]<\/p>\n<h4>Haz una cita<\/h4>\n<p>Puedes agendar con nosotros para resolver cualquier duda que tengas.<\/p>\n<p>[\/et_pb_text][et_pb_button button_url=\u00bb@ET-DC@eyJkeW5hbWljIjp0cnVlLCJjb250ZW50IjoicG9zdF9saW5rX3VybF9wYWdlIiwic2V0dGluZ3MiOnsicG9zdF9pZCI6IjI1NSJ9fQ==@\u00bb button_text=\u00bbHacer cita\u00bb button_alignment=\u00bbcenter\u00bb _builder_version=\u00bb4.20.0&#8243; _dynamic_attributes=\u00bbbutton_url\u00bb _module_preset=\u00bbdefault\u00bb custom_button=\u00bbon\u00bb button_text_size=\u00bb14px\u00bb button_text_color=\u00bb#ffffff\u00bb button_bg_color=\u00bbrgba(255,255,255,0)\u00bb button_border_width=\u00bb2px\u00bb button_border_color=\u00bb#ffffff\u00bb button_border_radius=\u00bb0px\u00bb button_letter_spacing=\u00bb3px\u00bb button_font=\u00bb|700||on|||||\u00bb button_icon=\u00bb&#x45;||divi||400&#8243; button_on_hover=\u00bboff\u00bb transform_skew=\u00bb-20deg|0deg\u00bb transform_skew_linked=\u00bboff\u00bb custom_margin=\u00bb60px||\u00bb custom_padding=\u00bb12px|40px|12px|24px|true|false\u00bb button_text_shadow_style=\u00bbpreset2&#8243; locked=\u00bboff\u00bb global_colors_info=\u00bb{}\u00bb button_border_color__hover=\u00bbrgba(0,0,0,0)\u00bb button_border_color__hover_enabled=\u00bbon\u00bb][\/et_pb_button][\/et_pb_column][et_pb_column type=\u00bb1_3&#8243; _builder_version=\u00bb4.17.4&#8243; _module_preset=\u00bbdefault\u00bb use_background_color_gradient=\u00bbon\u00bb background_color_gradient_stops=\u00bbrgba(2,24,39,0.7) 0%|rgba(2,24,39,0.28) 100%\u00bb background_color_gradient_start=\u00bbrgba(255,255,255,0.9)\u00bb background_color_gradient_end=\u00bb#ffffff\u00bb background_image=\u00bbhttps:\/\/gruasmonsivais.com.mx\/monsivais\/wp-content\/uploads\/2023\/02\/WhatsApp-Image-2023-01-05-at-7.33.26-PM-3.jpeg\u00bb background_blend=\u00bboverlay\u00bb custom_padding=\u00bb100px|40px|100px|40px\u00bb custom_padding_tablet=\u00bb50px||50px||true\u00bb custom_padding_phone=\u00bb50px||50px||true\u00bb custom_padding_last_edited=\u00bbon|phone\u00bb global_colors_info=\u00bb{}\u00bb custom_padding__hover=\u00bb|||\u00bb][et_pb_text _builder_version=\u00bb4.17.4&#8243; _module_preset=\u00bbdefault\u00bb text_font=\u00bb|600|||||||\u00bb text_line_height=\u00bb2em\u00bb header_font=\u00bb||||||||\u00bb header_4_font=\u00bbKhand|700||on|||||\u00bb header_4_text_color=\u00bb#FFFFFF\u00bb header_4_font_size=\u00bb35px\u00bb header_4_line_height=\u00bb1.2em\u00bb header_4_font_size_tablet=\u00bb30px\u00bb header_4_font_size_phone=\u00bb25px\u00bb header_4_font_size_last_edited=\u00bbon|phone\u00bb header_4_text_shadow_style=\u00bbpreset2&#8243; locked=\u00bboff\u00bb global_colors_info=\u00bb{}\u00bb]<\/p>\n<h4>Cont\u00e1ctanos!<\/h4>\n<p>[\/et_pb_text][et_pb_blurb title=\u00bbll\u00e1manos al\u00bb url=\u00bbtel:+528688242826&#8243; use_icon=\u00bbon\u00bb font_icon=\u00bb&#xe090;||divi||400&#8243; icon_color=\u00bbrgba(2,24,39,0.6)\u00bb icon_placement=\u00bbleft\u00bb image_icon_width=\u00bb20px\u00bb _builder_version=\u00bb4.20.0&#8243; _module_preset=\u00bbdefault\u00bb header_font=\u00bb|700||on|||||\u00bb header_text_color=\u00bb#FFFFFF\u00bb header_font_size=\u00bb14px\u00bb header_letter_spacing=\u00bb2px\u00bb header_line_height=\u00bb1.2em\u00bb body_font=\u00bbKhand|700|||||||\u00bb body_text_color=\u00bb#FFFFFF\u00bb body_font_size=\u00bb28px\u00bb body_line_height=\u00bb1.5em\u00bb custom_margin=\u00bb20px||\u00bb custom_padding=\u00bb|||\u00bb animation=\u00bboff\u00bb link_option_url=\u00bbtel:+528688242826&#8243; header_text_shadow_style=\u00bbpreset2&#8243; header_text_shadow_horizontal_length=\u00bb0.11em\u00bb header_text_shadow_vertical_length=\u00bb0.17em\u00bb header_text_shadow_blur_strength=\u00bb0.13em\u00bb header_text_shadow_color=\u00bbrgba(45,45,44,0.56)\u00bb body_text_shadow_style=\u00bbpreset1&#8243; icon_font_size=\u00bb20px\u00bb locked=\u00bboff\u00bb global_colors_info=\u00bb{}\u00bb]<\/p>\n<p>(868)\u00a0<span lang=\"ES-US\">824-2<\/span><span lang=\"ES-US\">826<\/span><\/p>\n<p>[\/et_pb_blurb][et_pb_button button_url=\u00bbtel:+528688242826&#8243; button_text=\u00bbcontactar\u00bb button_alignment=\u00bbcenter\u00bb _builder_version=\u00bb4.20.0&#8243; _module_preset=\u00bbdefault\u00bb custom_button=\u00bbon\u00bb button_text_size=\u00bb14px\u00bb button_text_color=\u00bb#ffffff\u00bb button_bg_color=\u00bb#2D2D2C\u00bb button_border_width=\u00bb0px\u00bb button_border_radius=\u00bb0px\u00bb button_letter_spacing=\u00bb3px\u00bb button_font=\u00bb|700||on|||||\u00bb button_icon=\u00bb&#x45;||divi||400&#8243; button_on_hover=\u00bboff\u00bb transform_skew=\u00bb-22deg|0deg\u00bb transform_skew_linked=\u00bboff\u00bb custom_margin=\u00bb60px||\u00bb custom_padding=\u00bb12px|40px|12px|24px|true|false\u00bb locked=\u00bboff\u00bb global_colors_info=\u00bb{}\u00bb button_bg_color__hover_enabled=\u00bbon|hover\u00bb button_bg_color__hover=\u00bb#84BF41&#8243; button_bg_enable_color__hover=\u00bbon\u00bb][\/et_pb_button][\/et_pb_column][\/et_pb_row][\/et_pb_section]<\/p>\n","protected":false},"excerpt":{"rendered":"<p>Gruas y montacargas monsivais Somos una empresa mexicana fundada en el a\u00f1o 2005 en la ciudad de Matamoros Tamaulipas. Contamos con m\u00e1s de 17 a\u00f1os de experiencia en\u00a0el mercado, por lo que somos sin\u00f3nimo de garant\u00eda, ofreciendo servicios integrales para el manejo de equipos y un amplio stock de refacciones originales; para soportar sus requerimientos [&hellip;]<\/p>\n","protected":false},"author":1,"featured_media":0,"parent":0,"menu_order":0,"comment_status":"closed","ping_status":"closed","template":"","meta":{"_et_pb_use_builder":"on","_et_pb_old_content":"","_et_gb_content_width":""},"_links":{"self":[{"href":"https:\/\/gruasmonsivais.com.mx\/monsivais\/wp-json\/wp\/v2\/pages\/137"}],"collection":[{"href":"https:\/\/gruasmonsivais.com.mx\/monsivais\/wp-json\/wp\/v2\/pages"}],"about":[{"href":"https:\/\/gruasmonsivais.com.mx\/monsivais\/wp-json\/wp\/v2\/types\/page"}],"author":[{"embeddable":true,"href":"https:\/\/gruasmonsivais.com.mx\/monsivais\/wp-json\/wp\/v2\/users\/1"}],"replies":[{"embeddable":true,"href":"https:\/\/gruasmonsivais.com.mx\/monsivais\/wp-json\/wp\/v2\/comments?post=137"}],"version-history":[{"count":14,"href":"https:\/\/gruasmonsivais.com.mx\/monsivais\/wp-json\/wp\/v2\/pages\/137\/revisions"}],"predecessor-version":[{"id":478,"href":"https:\/\/gruasmonsivais.com.mx\/monsivais\/wp-json\/wp\/v2\/pages\/137\/revisions\/478"}],"wp:attachment":[{"href":"https:\/\/gruasmonsivais.com.mx\/monsivais\/wp-json\/wp\/v2\/media?parent=137"}],"curies":[{"name":"wp","href":"https:\/\/api.w.org\/{rel}","templated":true}]}}